{"id":8,"date":"2025-03-13T10:57:52","date_gmt":"2025-03-13T10:57:52","guid":{"rendered":"http:\/\/shop.iraqiun.com\/cart\/"},"modified":"2025-03-14T21:46:46","modified_gmt":"2025-03-14T18:46:46","slug":"ereboka-destan","status":"publish","type":"page","link":"https:\/\/iraqiun.com\/ku\/cart\/","title":{"rendered":"Cart"},"content":{"rendered":"<div data-block-name=\"woocommerce\/cart\" class=\"wp-block-woocommerce-cart alignwide is-loading\">\n<div data-block-name=\"woocommerce\/filled-cart-block\" class=\"wp-block-woocommerce-filled-cart-block\">\n<div data-block-name=\"woocommerce\/cart-items-block\" class=\"wp-block-woocommerce-cart-items-block\">\n<div data-block-name=\"woocommerce\/cart-line-items-block\" class=\"wp-block-woocommerce-cart-line-items-block\"><\/div>\n\n\n\n<div data-block-name=\"woocommerce\/cart-cross-sells-block\" class=\"wp-block-woocommerce-cart-cross-sells-block\">\n<h2 class=\"wp-block-heading has-large-font-size\">You may be interested in\u2026<\/h2>\n\n\n\n<div data-block-name=\"woocommerce\/cart-cross-sells-products-block\" class=\"wp-block-woocommerce-cart-cross-sells-products-block\"><\/div>\n<\/div>\n<\/div>\n\n\n\n<div data-block-name=\"woocommerce\/cart-totals-block\" class=\"wp-block-woocommerce-cart-totals-block\">\n<div data-block-name=\"woocommerce\/cart-order-summary-block\" class=\"wp-block-woocommerce-cart-order-summary-block\">\n<div data-block-name=\"woocommerce\/cart-order-summary-heading-block\" class=\"wp-block-woocommerce-cart-order-summary-heading-block\"><\/div><div data-block-name=\"woocommerce\/cart-order-summary-coupon-form-block\" class=\"wp-block-woocommerce-cart-order-summary-coupon-form-block\"><\/div><div data-block-name=\"woocommerce\/cart-order-summary-totals-block\" class=\"wp-block-woocommerce-cart-order-summary-totals-block\">\n<div data-block-name=\"woocommerce\/cart-order-summary-subtotal-block\" class=\"wp-block-woocommerce-cart-order-summary-subtotal-block\"><\/div>\n<div data-block-name=\"woocommerce\/cart-order-summary-discount-block\" class=\"wp-block-woocommerce-cart-order-summary-discount-block\"><\/div>\n<div data-block-name=\"woocommerce\/cart-order-summary-fee-block\" class=\"wp-block-woocommerce-cart-order-summary-fee-block\"><\/div>\n<div data-block-name=\"woocommerce\/cart-order-summary-shipping-block\" class=\"wp-block-woocommerce-cart-order-summary-shipping-block\"><\/div>\n<div data-block-name=\"woocommerce\/cart-order-summary-taxes-block\" class=\"wp-block-woocommerce-cart-order-summary-taxes-block\"><\/div><\/div>\n<\/div>\n\n\n\n<div data-block-name=\"woocommerce\/cart-express-payment-block\" class=\"wp-block-woocommerce-cart-express-payment-block\"><\/div>\n\n\n\n<div data-block-name=\"woocommerce\/proceed-to-checkout-block\" class=\"wp-block-woocommerce-proceed-to-checkout-block\"><\/div>\n\n\n\n<div data-block-name=\"woocommerce\/cart-accepted-payment-methods-block\" class=\"wp-block-woocommerce-cart-accepted-payment-methods-block\"><\/div>\n<\/div>\n<\/div>\n\n\n\n<div data-block-name=\"woocommerce\/empty-cart-block\" class=\"wp-block-woocommerce-empty-cart-block\">\n<h2 class=\"wp-block-heading has-text-align-center with-empty-cart-icon wc-block-cart__empty-cart__title\">Your cart is currently empty!<\/h2>\n\n\n\n<hr class=\"wp-block-separator has-alpha-channel-opacity is-style-dots\"\/>\n\n\n\n<h2 class=\"wp-block-heading has-text-align-center\">New in store<\/h2>\n\n\n<div data-block-name=\"woocommerce\/product-new\" data-columns=\"4\" data-rows=\"1\" class=\"wc-block-grid wp-block-product-new wp-block-woocommerce-product-new wc-block-product-new has-4-columns\"><ul class=\"wc-block-grid__products\"><li class=\"wc-block-grid__product\">\n\t\t\t\t<a href=\"https:\/\/iraqiun.com\/ku\/product\/osaka-entry-tee-superdry\/\" class=\"wc-block-grid__product-link\">\n\t\t\t\t\t\n\t\t\t\t\t<div class=\"wc-block-grid__product-image\"><img loading=\"lazy\" decoding=\"async\" width=\"247\" height=\"296\" src=\"https:\/\/iraqiun.com\/wp-content\/uploads\/2016\/08\/dummy-prod-1-247x296.jpg\" class=\"attachment-woocommerce_thumbnail size-woocommerce_thumbnail\" alt=\"Osaka Entry Tee Superdry\" srcset=\"https:\/\/iraqiun.com\/wp-content\/uploads\/2016\/08\/dummy-prod-1-247x296.jpg 247w, https:\/\/iraqiun.com\/wp-content\/uploads\/2016\/08\/dummy-prod-1-250x300.jpg 250w, https:\/\/iraqiun.com\/wp-content\/uploads\/2016\/08\/dummy-prod-1.jpg 500w\" sizes=\"auto, (max-width: 247px) 100vw, 247px\" \/><\/div>\n\t\t\t\t\t<div class=\"wc-block-grid__product-title\">Osaka Entry Tee Superdry<\/div>\n\t\t\t\t<\/a>\n\t\t\t\t<div class=\"wc-block-grid__product-price price\"><span class=\"woocommerce-Price-amount amount\">29&nbsp;<span class=\"woocommerce-Price-currencySymbol\">\u062f.\u0639<\/span><\/span><\/div>\n\t\t\t\t<div class=\"wc-block-grid__product-rating\"><div class=\"star-rating\" role=\"img\" aria-label=\"R\u00eajeya 4.00 ji 5\" data-no-translation-aria-label=\"\"><span style=\"width:80%\" data-no-translation=\"\" data-trp-gettext=\"\">\u0647\u06d5\u06b5\u0633\u06d5\u0646\u06af\u06ce\u0646\u062f\u0631\u0627\u0648\u06d5 \u0628\u06d5 <strong class=\"rating\">4.00<\/strong> \u0644\u06d5 5 \u0628\u06d5\u067e\u06ce\u06cc <span class=\"rating\">4<\/span> \u0647\u06d5\u06b5\u0633\u06d5\u0646\u06af\u0627\u0646\u062f\u0646\u06cc \u06a9\u0695\u06cc\u0627\u0631\u0627\u0646<\/span><\/div><\/div>\n\t\t\t\t<div class=\"wp-block-button wc-block-grid__product-add-to-cart\"><a href=\"\/ku\/wp-json\/wp\/v2\/pages\/8?add-to-cart=260\" aria-label=\"\u0632\u06cc\u0627\u062f\u06a9\u0631\u062f\u0646 \u0628\u06c6 \u0633\u06d5\u0628\u06d5\u062a\u06d5: \u201cOsaka Entry Tee Superdry\u201d\" data-quantity=\"1\" data-product_id=\"260\" data-product_sku=\"\" data-price=\"29\" rel=\"nofollow\" class=\"wp-block-button__link  add_to_cart_button ajax_add_to_cart\" data-no-translation=\"\" data-trp-gettext=\"\" data-no-translation-aria-label=\"\">\u0632\u06cc\u0627\u062f\u06a9\u0631\u062f\u0646 \u0628\u06c6 \u0633\u06d5\u0628\u06d5\u062a\u06d5<\/a><\/div>\n\t\t\t<\/li><li class=\"wc-block-grid__product\">\n\t\t\t\t<a href=\"https:\/\/iraqiun.com\/ku\/product\/all-star-canvas-hi-converse\/\" class=\"wc-block-grid__product-link\">\n\t\t\t\t\t\n\t\t\t\t\t<div class=\"wc-block-grid__product-image\"><img loading=\"lazy\" decoding=\"async\" width=\"247\" height=\"296\" src=\"https:\/\/iraqiun.com\/wp-content\/uploads\/2016\/08\/dummy-prod-1-247x296.jpg\" class=\"attachment-woocommerce_thumbnail size-woocommerce_thumbnail\" alt=\"All Star Canvas Hi Converse\" srcset=\"https:\/\/iraqiun.com\/wp-content\/uploads\/2016\/08\/dummy-prod-1-247x296.jpg 247w, https:\/\/iraqiun.com\/wp-content\/uploads\/2016\/08\/dummy-prod-1-250x300.jpg 250w, https:\/\/iraqiun.com\/wp-content\/uploads\/2016\/08\/dummy-prod-1.jpg 500w\" sizes=\"auto, (max-width: 247px) 100vw, 247px\" \/><\/div>\n\t\t\t\t\t<div class=\"wc-block-grid__product-title\">All Star Canvas Hi Converse<\/div>\n\t\t\t\t<\/a>\n\t\t\t\t<div class=\"wc-block-grid__product-price price\"><\/div>\n\t\t\t\t<div class=\"wc-block-grid__product-rating\"><div class=\"star-rating\" role=\"img\" aria-label=\"R\u00eajeya 4.33 ji 5\" data-no-translation-aria-label=\"\"><span style=\"width:86.6%\" data-no-translation=\"\" data-trp-gettext=\"\">\u0647\u06d5\u06b5\u0633\u06d5\u0646\u06af\u06ce\u0646\u062f\u0631\u0627\u0648\u06d5 \u0628\u06d5 <strong class=\"rating\">4.33<\/strong> \u0644\u06d5 5 \u0628\u06d5\u067e\u06ce\u06cc <span class=\"rating\">3<\/span> \u0647\u06d5\u06b5\u0633\u06d5\u0646\u06af\u0627\u0646\u062f\u0646\u06cc \u06a9\u0695\u06cc\u0627\u0631\u0627\u0646<\/span><\/div><\/div>\n\t\t\t\t<div class=\"wp-block-button wc-block-grid__product-add-to-cart\"><a href=\"https:\/\/iraqiun.com\/ku\/product\/all-star-canvas-hi-converse\/\" aria-label=\"\u0647\u06d5\u06b5\u0628\u0698\u0627\u0631\u062f\u06d5\u06a9\u0627\u0646 \u0628\u06c6 \u201cAll Star Canvas Hi Converse\u201d \u0647\u06d5\u06b5\u0628\u0698\u06ce\u0631\u06d5.\" data-quantity=\"1\" data-product_id=\"261\" data-product_sku=\"\" data-price=\"29\" rel=\"nofollow\" class=\"wp-block-button__link  add_to_cart_button\" data-no-translation=\"\" data-trp-gettext=\"\" data-no-translation-aria-label=\"\">\u062f\u06cc\u0627\u0631\u06cc\u06a9\u0631\u062f\u0646\u06cc \u0647\u06d5\u06b5\u0628\u0698\u0627\u0631\u062f\u06d5\u06a9\u0627\u0646<\/a><\/div>\n\t\t\t<\/li><li class=\"wc-block-grid__product\">\n\t\t\t\t<a href=\"https:\/\/iraqiun.com\/ku\/product\/fluro-big-pullover-designers-remix\/\" class=\"wc-block-grid__product-link\">\n\t\t\t\t\t\n\t\t\t\t\t<div class=\"wc-block-grid__product-image\"><img loading=\"lazy\" decoding=\"async\" width=\"247\" height=\"296\" src=\"https:\/\/iraqiun.com\/wp-content\/uploads\/2016\/08\/dummy-prod-1-247x296.jpg\" class=\"attachment-woocommerce_thumbnail size-woocommerce_thumbnail\" alt=\"Fluro Big Pullover Designers Remix\" srcset=\"https:\/\/iraqiun.com\/wp-content\/uploads\/2016\/08\/dummy-prod-1-247x296.jpg 247w, https:\/\/iraqiun.com\/wp-content\/uploads\/2016\/08\/dummy-prod-1-250x300.jpg 250w, https:\/\/iraqiun.com\/wp-content\/uploads\/2016\/08\/dummy-prod-1.jpg 500w\" sizes=\"auto, (max-width: 247px) 100vw, 247px\" \/><\/div>\n\t\t\t\t\t<div class=\"wc-block-grid__product-title\">Fluro Big Pullover Designers Remix<\/div>\n\t\t\t\t<\/a>\n\t\t\t\t<div class=\"wc-block-grid__product-price price\"><span class=\"woocommerce-Price-amount amount\">29&nbsp;<span class=\"woocommerce-Price-currencySymbol\">\u062f.\u0639<\/span><\/span><\/div>\n\t\t\t\t\n\t\t\t\t<div class=\"wp-block-button wc-block-grid__product-add-to-cart\"><a href=\"\/ku\/wp-json\/wp\/v2\/pages\/8?add-to-cart=262\" aria-label=\"\u0632\u06cc\u0627\u062f\u06a9\u0631\u062f\u0646 \u0628\u06c6 \u0633\u06d5\u0628\u06d5\u062a\u06d5: \u201cFluro Big Pullover Designers Remix\u201d\" data-quantity=\"1\" data-product_id=\"262\" data-product_sku=\"\" data-price=\"29\" rel=\"nofollow\" class=\"wp-block-button__link  add_to_cart_button ajax_add_to_cart\" data-no-translation=\"\" data-trp-gettext=\"\" data-no-translation-aria-label=\"\">\u0632\u06cc\u0627\u062f\u06a9\u0631\u062f\u0646 \u0628\u06c6 \u0633\u06d5\u0628\u06d5\u062a\u06d5<\/a><\/div>\n\t\t\t<\/li><li class=\"wc-block-grid__product\">\n\t\t\t\t<a href=\"https:\/\/iraqiun.com\/ku\/product\/varanise-cn-tee-hilfiger-denim\/\" class=\"wc-block-grid__product-link\">\n\t\t\t\t\t<div class=\"wc-block-grid__product-onsale\">\n\t\t\t<span aria-hidden=\"true\" data-no-translation=\"\" data-trp-gettext=\"\">\u062f\u0627\u0634\u06a9\u0627\u0646\u062f\u0646<\/span>\n\t\t\t<span class=\"screen-reader-text\" data-no-translation=\"\" data-trp-gettext=\"\">\u0628\u06d5\u0631\u0647\u06d5\u0645\u06cc \u062f\u0627\u0634\u06a9\u06ce\u0646\u0631\u0627\u0648<\/span>\n\t\t<\/div>\n\t\t\t\t\t<div class=\"wc-block-grid__product-image\"><img loading=\"lazy\" decoding=\"async\" width=\"247\" height=\"296\" src=\"https:\/\/iraqiun.com\/wp-content\/uploads\/2016\/08\/dummy-prod-1-247x296.jpg\" class=\"attachment-woocommerce_thumbnail size-woocommerce_thumbnail\" alt=\"Varanise CN Tee Hilfiger Denim\" srcset=\"https:\/\/iraqiun.com\/wp-content\/uploads\/2016\/08\/dummy-prod-1-247x296.jpg 247w, https:\/\/iraqiun.com\/wp-content\/uploads\/2016\/08\/dummy-prod-1-250x300.jpg 250w, https:\/\/iraqiun.com\/wp-content\/uploads\/2016\/08\/dummy-prod-1.jpg 500w\" sizes=\"auto, (max-width: 247px) 100vw, 247px\" \/><\/div>\n\t\t\t\t\t<div class=\"wc-block-grid__product-title\">Varanise CN Tee Hilfiger Denim<\/div>\n\t\t\t\t<\/a>\n\t\t\t\t<div class=\"wc-block-grid__product-price price\"><del aria-hidden=\"true\"><span class=\"woocommerce-Price-amount amount\">29&nbsp;<span class=\"woocommerce-Price-currencySymbol\">\u062f.\u0639<\/span><\/span><\/del> <span class=\"screen-reader-text\" data-no-translation=\"\" data-trp-gettext=\"\">Bihay\u00ea orj\u00eenal b\u00fb: 29&nbsp;&#x62f;.&#x639;.<\/span><ins aria-hidden=\"true\"><span class=\"woocommerce-Price-amount amount\">29&nbsp;<span class=\"woocommerce-Price-currencySymbol\">\u062f.\u0639<\/span><\/span><\/ins><span class=\"screen-reader-text\" data-no-translation=\"\" data-trp-gettext=\"\">Buhay\u00ea niha ye: 29&nbsp;&#x62f;.&#x639;.<\/span><\/div>\n\t\t\t\t<div class=\"wc-block-grid__product-rating\"><div class=\"star-rating\" role=\"img\" aria-label=\"R\u00eajeya 3.50 ji 5\" data-no-translation-aria-label=\"\"><span style=\"width:70%\" data-no-translation=\"\" data-trp-gettext=\"\">\u0647\u06d5\u06b5\u0633\u06d5\u0646\u06af\u06ce\u0646\u062f\u0631\u0627\u0648\u06d5 \u0628\u06d5 <strong class=\"rating\">3.50<\/strong> \u0644\u06d5 5 \u0628\u06d5\u067e\u06ce\u06cc <span class=\"rating\">2<\/span> \u0647\u06d5\u06b5\u0633\u06d5\u0646\u06af\u0627\u0646\u062f\u0646\u06cc \u06a9\u0695\u06cc\u0627\u0631\u0627\u0646<\/span><\/div><\/div>\n\t\t\t\t<div class=\"wp-block-button wc-block-grid__product-add-to-cart\"><a href=\"\/ku\/wp-json\/wp\/v2\/pages\/8?add-to-cart=263\" aria-label=\"\u0632\u06cc\u0627\u062f\u06a9\u0631\u062f\u0646 \u0628\u06c6 \u0633\u06d5\u0628\u06d5\u062a\u06d5: \u201cVaranise CN Tee Hilfiger Denim\u201d\" data-quantity=\"1\" data-product_id=\"263\" data-product_sku=\"\" data-price=\"29\" rel=\"nofollow\" class=\"wp-block-button__link  add_to_cart_button ajax_add_to_cart\" data-no-translation=\"\" data-trp-gettext=\"\" data-no-translation-aria-label=\"\">\u0632\u06cc\u0627\u062f\u06a9\u0631\u062f\u0646 \u0628\u06c6 \u0633\u06d5\u0628\u06d5\u062a\u06d5<\/a><\/div>\n\t\t\t<\/li><\/ul><\/div><\/div>\n<\/div>","protected":false},"excerpt":{"rendered":"","protected":false},"author":1,"featured_media":0,"parent":0,"menu_order":0,"comment_status":"closed","ping_status":"closed","template":"","meta":{"footnotes":""},"class_list":["post-8","page","type-page","status-publish","hentry"],"_links":{"self":[{"href":"https:\/\/iraqiun.com\/ku\/wp-json\/wp\/v2\/pages\/8","targetHints":{"allow":["GET"]}}],"collection":[{"href":"https:\/\/iraqiun.com\/ku\/wp-json\/wp\/v2\/pages"}],"about":[{"href":"https:\/\/iraqiun.com\/ku\/wp-json\/wp\/v2\/types\/page"}],"author":[{"embeddable":true,"href":"https:\/\/iraqiun.com\/ku\/wp-json\/wp\/v2\/users\/1"}],"replies":[{"embeddable":true,"href":"https:\/\/iraqiun.com\/ku\/wp-json\/wp\/v2\/comments?post=8"}],"version-history":[{"count":1,"href":"https:\/\/iraqiun.com\/ku\/wp-json\/wp\/v2\/pages\/8\/revisions"}],"predecessor-version":[{"id":62,"href":"https:\/\/iraqiun.com\/ku\/wp-json\/wp\/v2\/pages\/8\/revisions\/62"}],"wp:attachment":[{"href":"https:\/\/iraqiun.com\/ku\/wp-json\/wp\/v2\/media?parent=8"}],"curies":[{"name":"wp","href":"https:\/\/api.w.org\/{rel}","templated":true}]}}