{"id":493,"date":"2025-03-18T15:41:40","date_gmt":"2025-03-18T12:41:40","guid":{"rendered":"https:\/\/iraqiun.com\/?page_id=493"},"modified":"2025-03-19T09:40:27","modified_gmt":"2025-03-19T06:40:27","slug":"home","status":"publish","type":"page","link":"https:\/\/iraqiun.com\/ku\/","title":{"rendered":"Home"},"content":{"rendered":"<div class=\"slider-wrapper relative\" id=\"slider-1737019083\" >\n    <div class=\"slider slider-nav-circle slider-nav-large slider-nav-light slider-style-normal\"\n        data-flickity-options='{            \"cellAlign\": \"center\",            \"imagesLoaded\": true,            \"lazyLoad\": 1,            \"freeScroll\": false,            \"wrapAround\": true,            \"autoPlay\": 6000,            \"pauseAutoPlayOnHover\" : true,            \"prevNextButtons\": true,            \"contain\" : true,            \"adaptiveHeight\" : true,            \"dragThreshold\" : 10,            \"percentPosition\": true,            \"pageDots\": true,            \"rightToLeft\": true,            \"draggable\": true,            \"selectedAttraction\": 0.1,            \"parallax\" : 0,            \"friction\": 0.6        }'\n        >\n        \n\n\n  <div class=\"banner has-hover\" id=\"banner-1811580971\">\n          <div class=\"banner-inner fill\">\n        <div class=\"banner-bg fill\" >\n            <img loading=\"lazy\" decoding=\"async\" width=\"1200\" height=\"600\" src=\"https:\/\/iraqiun.com\/wp-content\/uploads\/2025\/03\/BuySim.png\" class=\"bg attachment-original size-original\" alt=\"\" \/>                                    \n                    <\/div>\n\t\t\n        <div class=\"banner-layers container\">\n            <div class=\"fill banner-link\"><\/div>            \n\n   <div id=\"text-box-2009947244\" class=\"text-box banner-layer x100 md-x100 lg-x100 y95 md-y50 lg-y50 res-text\">\n                                <div class=\"text-box-content text box-shadow-1\">\n              \n              <div class=\"text-inner text-left\">\n                  \n\n<h6>\u00c7alakkirina Tavil\u00ea &amp; Tomarkirina Bilez<\/h6>\n<h3 class=\"uppercase\">SIM Kart\u00ean bi Qeydkirina Tavil\u00ea re bikirin<\/h3>\n<p>Bi qeydkirina bilez SIM karta n\u00fb bist\u00eenin. Ji p\u00ea\u015fk\u00ea\u015fker\u00ean telekom\u00ea y\u00ean p\u00ea\u015feng hilbij\u00earin \u00fb tavil\u00ea dest bi karan\u00eena hejmara xwe bikin.<\/p>\n<a href=\"\/ku\/buy-sim\/\" class=\"button primary is-gradient\" >\n\t\t<span>SIM bikirin<\/span>\n\t<\/a>\n\n\n\n              <\/div>\n           <\/div>\n                            \n<style>\n#text-box-2009947244 .text-box-content {\n  background-color: rgba(255, 255, 255, 0.94);\n  font-size: 100%;\n}\n#text-box-2009947244 .text-inner {\n  padding: 30px 30px 30px 30px;\n}\n#text-box-2009947244 {\n  width: 90%;\n}\n@media (min-width:550px) {\n  #text-box-2009947244 {\n    width: 44%;\n  }\n}\n<\/style>\n    <\/div>\n \n\n        <\/div>\n      <\/div>\n\n            \n<style>\n#banner-1811580971 {\n  padding-top: 637px;\n}\n#banner-1811580971 .banner-bg img {\n  object-position: 62% 60%;\n}\n<\/style>\n  <\/div>\n\n\n\n  <div class=\"banner has-hover\" id=\"banner-978924222\">\n          <div class=\"banner-inner fill\">\n        <div class=\"banner-bg fill\" >\n            <img loading=\"lazy\" decoding=\"async\" width=\"1020\" height=\"510\" src=\"https:\/\/iraqiun.com\/wp-content\/uploads\/2025\/03\/Ev2.png\" class=\"bg attachment-large size-large\" alt=\"\" \/>                                    \n                    <\/div>\n\t\t\n        <div class=\"banner-layers container\">\n            <div class=\"fill banner-link\"><\/div>            \n\n   <div id=\"text-box-1907682163\" class=\"text-box banner-layer x5 md-x5 lg-x5 y90 md-y50 lg-y50 res-text\">\n                                <div class=\"text-box-content text box-shadow-1\">\n              \n              <div class=\"text-inner text-left\">\n                  \n\n<h6>Z\u00eadetir Bil\u00eestin, K\u00eam Bidin<\/h6>\n<h3 class=\"uppercase\">Vouchers Prepaid &amp; Kart\u00ean Gaming<\/h3>\n<p>Hesab\u00ea xweya mob\u00eel an l\u00eestika xwe tavil\u00ea bi kart\u00ean mey\u00ean p\u00ea\u015fd\u00eetin \u00ean ewledar tij\u00ee bikin. Ji bo hem\u00ee platform\u00ean sereke hene.<\/p>\n<a href=\"https:\/\/iraqiun.com\/ku\/buy-gift-game-cards\/?v=795237fd9d10\" class=\"button primary\" >\n\t\t<span>View Vouchers<\/span>\n\t<\/a>\n\n\n\n              <\/div>\n           <\/div>\n                            \n<style>\n#text-box-1907682163 .text-box-content {\n  background-color: rgba(255, 255, 255, 0.94);\n  font-size: 100%;\n}\n#text-box-1907682163 .text-inner {\n  padding: 30px 30px 30px 30px;\n}\n#text-box-1907682163 {\n  width: 88%;\n}\n@media (min-width:550px) {\n  #text-box-1907682163 {\n    width: 50%;\n  }\n}\n<\/style>\n    <\/div>\n \n\n        <\/div>\n      <\/div>\n\n            \n<style>\n#banner-978924222 {\n  padding-top: 637px;\n}\n#banner-978924222 .banner-bg img {\n  object-position: 62% 68%;\n}\n<\/style>\n  <\/div>\n\n\n\n     <\/div>\n\n     <div class=\"loading-spin dark large centered\"><\/div>\n\n\t<\/div>\n\n\n\n\t<section class=\"section\" id=\"section_1006718203\">\n\t\t<div class=\"section-bg fill\" >\n\t\t\t\t\t\t\t\t\t\n\t\t\t\n\n\t\t<\/div>\n\n\t\t\n\n\t\t<div class=\"section-content relative\">\n\t\t\t\n\n<div class=\"row row-large align-center row-divided\"  id=\"row-408948868\">\n\n\n\t<div id=\"col-310785211\" class=\"col medium-4 large-4\"  >\n\t\t\t\t<div class=\"col-inner\"  >\n\t\t\t\n\t\t\t\n\n\n\t\t<div class=\"icon-box featured-box icon-box-center text-center\"  style=\"margin:0px 0px 0px 0px;\">\n\t\t\t\t\t<div class=\"icon-box-img has-icon-bg\" style=\"width: 60px\">\n\t\t\t\t<div class=\"icon\">\n\t\t\t\t\t<div class=\"icon-inner\" style=\"border-width:2px;\">\n\t\t\t\t\t\t\t\t\t\t\t<\/div>\n\t\t\t\t<\/div>\n\t\t\t<\/div>\n\t\t\t\t<div class=\"icon-box-text last-reset\">\n\t\t\t<h5 class=\"uppercase\">Tora Karta POS \u00fb P\u00ea\u015fpad\u00ee ya Mezin a Iraq\u00ea<\/h5>\t\t\t\t\t\t\n\n<p>Bi z\u00eadetir\u00ee 1,000 cih\u00ean POS-\u00ea \u00fb torgilokek belavkirin\u00ea ya berfireh, em gih\u00ee\u015ftina b\u00eak\u00eamas\u00ee ji SIM-qertan, vouchers\u00ean p\u00ea\u015fd\u00eetin, \u00fb z\u00eadekirina l\u00eestikan li seranser\u00ea Iraq\u00ea peyda dikin.<\/p>\n\n\t\t<\/div>\n\t<\/div>\n\t\n\t\n\n\t\t<\/div>\n\t\t\t\t\t<\/div>\n\n\t\n\n\t<div id=\"col-264879062\" class=\"col medium-4 large-4\"  >\n\t\t\t\t<div class=\"col-inner\"  >\n\t\t\t\n\t\t\t\n\n\n\t\t<div class=\"icon-box featured-box icon-box-center text-center\"  style=\"margin:0px 0px 0px 0px;\">\n\t\t\t\t\t<div class=\"icon-box-img has-icon-bg\" style=\"width: 60px\">\n\t\t\t\t<div class=\"icon\">\n\t\t\t\t\t<div class=\"icon-inner\" style=\"border-width:2px;\">\n\t\t\t\t\t\t\t\t\t\t\t<\/div>\n\t\t\t\t<\/div>\n\t\t\t<\/div>\n\t\t\t\t<div class=\"icon-box-text last-reset\">\n\t\t\t<h5 class=\"uppercase\">Top-up\u00ean d\u00eej\u00eetal \u00ean bilez \u00fb ewledar<\/h5>\t\t\t\t\t\t\n\n<p>Bi dan\u00fbstendin\u00ean p\u00eabawer \u00fb radestkirina tavil\u00ea ji bo SIM-\u00ean mob\u00eel, qert\u00ean diyariy\u00ea, \u00fb voucher\u00ean l\u00eestik\u00ea ji barkirina d\u00eej\u00eetal a bilez \u00fb ewledar k\u00eafxwe\u015f bibin.<\/p>\n\n\t\t<\/div>\n\t<\/div>\n\t\n\t\n\n\t\t<\/div>\n\t\t\t\t\t<\/div>\n\n\t\n\n\t<div id=\"col-1302771218\" class=\"col medium-4 large-4\"  >\n\t\t\t\t<div class=\"col-inner\"  >\n\t\t\t\n\t\t\t\n\n\n\t\t<div class=\"icon-box featured-box icon-box-center text-center\"  style=\"margin:0px 0px 0px 0px;\">\n\t\t\t\t\t<div class=\"icon-box-img has-icon-bg\" style=\"width: 60px\">\n\t\t\t\t<div class=\"icon\">\n\t\t\t\t\t<div class=\"icon-inner\" style=\"border-width:2px;\">\n\t\t\t\t\t\t\t\t\t\t\t<\/div>\n\t\t\t\t<\/div>\n\t\t\t<\/div>\n\t\t\t\t<div class=\"icon-box-text last-reset\">\n\t\t\t<h5 class=\"uppercase\">Bi me re hevkar bin - Bibin Belavkar<\/h5>\t\t\t\t\t\t\n\n<p>Bi firotina kart\u00ean me y\u00ean p\u00ea\u015fd\u00eetin, SIM, \u00fb voucher\u00ean l\u00eestik\u00ea karsaziya xwe berfireh bikin. Kom\u00eesyonan qezenc bikin \u00fb bi me re mezin bibin.<\/p>\n\n\t\t<\/div>\n\t<\/div>\n\t\n\t\n\n\t\t<\/div>\n\t\t\t\t\t<\/div>\n\n\t\n\n<\/div>\n\n\t\t<\/div>\n\n\t\t\n<style>\n#section_1006718203 {\n  padding-top: 30px;\n  padding-bottom: 30px;\n  background-color: rgb(255, 255, 255);\n}\n<\/style>\n\t<\/section>\n\t\n<div class=\"message-box relative dark\" style=\"padding-top:36px;padding-bottom:36px;\"><div class=\"message-box-bg-image bg-fill fill\" ><\/div><div class=\"message-box-bg-overlay bg-fill fill\" style=\"background-color:rgb(74, 74, 74);\"><\/div><div class=\"container relative\"><div class=\"inner last-reset\">\n\n<div class=\"row align-middle\"  id=\"row-217391799\">\n\n\n\t<div id=\"col-78036202\" class=\"col medium-7 small-12 large-7\"  >\n\t\t\t\t<div class=\"col-inner\"  >\n\t\t\t\n\t\t\t\n\n<h2 class=\"uppercase\">Tevl\u00ee Mezintir\u00een Tora Karta Telekom \u00fb P\u00ea\u015fpad\u00ee ya Iraq\u00ea bibin!<\/h2>\n<p>Bi Dar Al Iraqiun re bibin ajan, belavker, an dab\u00eenker \u00fb karsaziya xwe bi tora meya p\u00eabawer mezin bikin.<\/p>\n\n\t\t<\/div>\n\t\t\t\t\t<\/div>\n\n\t\n\n\t<div id=\"col-381572733\" class=\"col medium-5 small-12 large-5\"  >\n\t\t\t\t<div class=\"col-inner text-right\"  >\n\t\t\t\n\t\t\t\n\n<a data-animate=\"flipInY\" href=\"\/ku\/work-with-us\/\" class=\"button white is-outline is-larger\" >\n\t\t<span>Dest p\u00ea bike<\/span>\n\t<\/a>\n\n\n\n\t\t<\/div>\n\t\t\t\t\t<\/div>\n\n\t\n\n<\/div>\n\n<\/div><\/div><\/div>","protected":false},"excerpt":{"rendered":"","protected":false},"author":1,"featured_media":0,"parent":0,"menu_order":0,"comment_status":"closed","ping_status":"closed","template":"page-blank.php","meta":{"footnotes":""},"class_list":["post-493","page","type-page","status-publish","hentry"],"_links":{"self":[{"href":"https:\/\/iraqiun.com\/ku\/wp-json\/wp\/v2\/pages\/493","targetHints":{"allow":["GET"]}}],"collection":[{"href":"https:\/\/iraqiun.com\/ku\/wp-json\/wp\/v2\/pages"}],"about":[{"href":"https:\/\/iraqiun.com\/ku\/wp-json\/wp\/v2\/types\/page"}],"author":[{"embeddable":true,"href":"https:\/\/iraqiun.com\/ku\/wp-json\/wp\/v2\/users\/1"}],"replies":[{"embeddable":true,"href":"https:\/\/iraqiun.com\/ku\/wp-json\/wp\/v2\/comments?post=493"}],"version-history":[{"count":8,"href":"https:\/\/iraqiun.com\/ku\/wp-json\/wp\/v2\/pages\/493\/revisions"}],"predecessor-version":[{"id":512,"href":"https:\/\/iraqiun.com\/ku\/wp-json\/wp\/v2\/pages\/493\/revisions\/512"}],"wp:attachment":[{"href":"https:\/\/iraqiun.com\/ku\/wp-json\/wp\/v2\/media?parent=493"}],"curies":[{"name":"wp","href":"https:\/\/api.w.org\/{rel}","templated":true}]}}