{"id":424,"date":"2025-03-16T15:48:24","date_gmt":"2025-03-16T12:48:24","guid":{"rendered":"https:\/\/iraqiun.com\/?page_id=424"},"modified":"2025-03-16T15:48:24","modified_gmt":"2025-03-16T12:48:24","slug":"buy-gift-game-cards","status":"publish","type":"page","link":"https:\/\/iraqiun.com\/ku\/buy-gift-game-cards\/","title":{"rendered":"Kart\u00ean diyar\u00ee \u00fb l\u00eestik\u00ea bikirin"},"content":{"rendered":"","protected":false},"excerpt":{"rendered":"","protected":false},"author":1,"featured_media":0,"parent":0,"menu_order":0,"comment_status":"closed","ping_status":"closed","template":"","meta":{"footnotes":""},"class_list":["post-424","page","type-page","status-publish","hentry"],"_links":{"self":[{"href":"https:\/\/iraqiun.com\/ku\/wp-json\/wp\/v2\/pages\/424","targetHints":{"allow":["GET"]}}],"collection":[{"href":"https:\/\/iraqiun.com\/ku\/wp-json\/wp\/v2\/pages"}],"about":[{"href":"https:\/\/iraqiun.com\/ku\/wp-json\/wp\/v2\/types\/page"}],"author":[{"embeddable":true,"href":"https:\/\/iraqiun.com\/ku\/wp-json\/wp\/v2\/users\/1"}],"replies":[{"embeddable":true,"href":"https:\/\/iraqiun.com\/ku\/wp-json\/wp\/v2\/comments?post=424"}],"version-history":[{"count":1,"href":"https:\/\/iraqiun.com\/ku\/wp-json\/wp\/v2\/pages\/424\/revisions"}],"predecessor-version":[{"id":427,"href":"https:\/\/iraqiun.com\/ku\/wp-json\/wp\/v2\/pages\/424\/revisions\/427"}],"wp:attachment":[{"href":"https:\/\/iraqiun.com\/ku\/wp-json\/wp\/v2\/media?parent=424"}],"curies":[{"name":"wp","href":"https:\/\/api.w.org\/{rel}","templated":true}]}}